{"id":8,"date":"2017-12-16T16:52:16","date_gmt":"2017-12-16T16:52:16","guid":{"rendered":"http:\/\/ferienhaus.zeeland-lodge.de\/?page_id=8"},"modified":"2018-06-14T14:29:16","modified_gmt":"2018-06-14T12:29:16","slug":"buchung","status":"publish","type":"page","link":"http:\/\/ferienhaus.zeeland-lodge.de\/?page_id=8","title":{"rendered":"Anfrage"},"content":{"rendered":"<p>Kontaktformular f\u00fcr Buchungsanfragen<\/p>\n<noscript class=\"ninja-forms-noscript-message\">\n\tHinweis: F\u00fcr diesen Inhalt ist JavaScript erforderlich.<\/noscript>\n<div id=\"nf-form-2-cont\" class=\"nf-form-cont\" aria-live=\"polite\" aria-labelledby=\"nf-form-title-2\" aria-describedby=\"nf-form-errors-2\" role=\"form\">\n\n    <div class=\"nf-loading-spinner\"><\/div>\n\n<\/div>\n        <!-- That data is being printed as a workaround to page builders reordering the order of the scripts loaded-->\n        <script>var formDisplay=1;var nfForms=nfForms||[];var form=[];form.id='2';form.settings={\"objectType\":\"Form Setting\",\"editActive\":true,\"title\":\"Buchungsanfrage Jupiterlaan 10, Kamperland\",\"show_title\":1,\"clear_complete\":1,\"hide_complete\":1,\"default_label_pos\":\"above\",\"wrapper_class\":\"\",\"element_class\":\"\",\"key\":\"\",\"add_submit\":0,\"changeEmailErrorMsg\":\"Bitte gib eine g\\u00fcltige E-Mail-Adresse ein.\",\"confirmFieldErrorMsg\":\"Diese Felder m\\u00fcssen \\u00fcbereinstimmen!\",\"fieldNumberNumMinError\":\"Die eingegebene Zahl ist zu klein.\",\"fieldNumberNumMaxError\":\"Die eingegebene Zahl ist zu gross.\",\"fieldNumberIncrementBy\":\"Bitte erh\\u00f6hen in Schritten von\",\"formErrorsCorrectErrors\":\"Bitte korrigiere die Fehler, bevor du das Formular sendest.\",\"validateRequiredField\":\"Dies ist ein Pflichtfeld.\",\"honeypotHoneypotError\":\"Honeypot-Fehler\",\"fieldsMarkedRequired\":\"Felder mit einem <span class=\\\"ninja-forms-req-symbol\\\">*<\\\/span> sind Pflichtfelder\",\"currency\":\"\",\"unique_field_error\":\"A form with this value has already been submitted.\",\"logged_in\":false,\"not_logged_in_msg\":\"\",\"sub_limit_msg\":\"The form has reached its submission limit.\",\"calculations\":[],\"formContentData\":[\"firstname_1525027499798\",\"lastname_1525027507347\",\"email_1525027511953\",\"phone_1525027516128\",\"anreise_1525027534054\",\"abreise_1525027566855\",\"nachricht_1525028150502\",\"submit_1525027629984\"],\"drawerDisabled\":false,\"ninjaForms\":\"Ninja Forms\",\"changeDateErrorMsg\":\"Bitte gib ein g\\u00fcltiges Datum ein!\",\"fieldTextareaRTEInsertLink\":\"Link einf\\u00fcgen\",\"fieldTextareaRTEInsertMedia\":\"Medien einf\\u00fcgen\",\"fieldTextareaRTESelectAFile\":\"Eine Datei ausw\\u00e4hlen\",\"formHoneypot\":\"Falls du ein Mensch bist und dieses Feld siehst, dann lasse es bitte leer.\",\"fileUploadOldCodeFileUploadInProgress\":\"Datei-Upload l\\u00e4uft.\",\"fileUploadOldCodeFileUpload\":\"DATEI-UPLOAD\",\"currencySymbol\":false,\"thousands_sep\":\".\",\"decimal_point\":\",\",\"siteLocale\":\"de_DE\",\"dateFormat\":\"m\\\/d\\\/Y\",\"startOfWeek\":\"1\",\"of\":\"von\",\"previousMonth\":\"Vorheriger Monat\",\"nextMonth\":\"N\\u00e4chster Monat\",\"months\":[\"Januar\",\"Februar\",\"M\\u00e4rz\",\"April\",\"Mai\",\"Juni\",\"Juli\",\"August\",\"September\",\"Oktober\",\"November\",\"Dezember\"],\"monthsShort\":[\"Jan\",\"Feb\",\"Mrz\",\"Apr\",\"Mai\",\"Jun\",\"Jul\",\"Aug\",\"Sep\",\"Okt\",\"Nov\",\"Dez\"],\"weekdays\":[\"Sonntag\",\"Montag\",\"Dienstag\",\"Mittwoch\",\"Donnerstag\",\"Freitag\",\"Samstag\"],\"weekdaysShort\":[\"So\",\"Mo\",\"Die\",\"Mi\",\"Do\",\"Fr\",\"Sa\"],\"weekdaysMin\":[\"So\",\"Mo\",\"Di\",\"Mi\",\"Do\",\"Fr\",\"Sa\"],\"recaptchaConsentMissing\":\"reCaptcha validation couldn&#039;t load.\",\"recaptchaMissingCookie\":\"reCaptcha v3 validation couldn&#039;t load the cookie needed to submit the form.\",\"recaptchaConsentEvent\":\"Accept reCaptcha cookies before sending the form.\",\"embed_form\":\"\",\"currency_symbol\":\"\",\"beforeForm\":\"\",\"beforeFields\":\"\",\"afterFields\":\"\",\"afterForm\":\"\"};form.fields=[{\"objectType\":\"Field\",\"objectDomain\":\"fields\",\"editActive\":false,\"order\":1,\"label\":\"Vorname\",\"type\":\"firstname\",\"key\":\"firstname_1525027499798\",\"label_pos\":\"above\",\"required\":1,\"default\":\"\",\"placeholder\":\"\",\"container_class\":\"\",\"element_class\":\"\",\"admin_label\":\"\",\"help_text\":\"\",\"custom_name_attribute\":\"fname\",\"drawerDisabled\":false,\"id\":5,\"beforeField\":\"\",\"afterField\":\"\",\"value\":\"\",\"parentType\":\"firstname\",\"element_templates\":[\"firstname\",\"input\"],\"old_classname\":\"\",\"wrap_template\":\"wrap\"},{\"objectType\":\"Field\",\"objectDomain\":\"fields\",\"editActive\":false,\"order\":2,\"label\":\"Nachname\",\"type\":\"lastname\",\"key\":\"lastname_1525027507347\",\"label_pos\":\"above\",\"required\":1,\"default\":\"\",\"placeholder\":\"\",\"container_class\":\"\",\"element_class\":\"\",\"admin_label\":\"\",\"help_text\":\"\",\"custom_name_attribute\":\"lname\",\"id\":6,\"beforeField\":\"\",\"afterField\":\"\",\"value\":\"\",\"parentType\":\"lastname\",\"element_templates\":[\"lastname\",\"input\"],\"old_classname\":\"\",\"wrap_template\":\"wrap\"},{\"objectType\":\"Field\",\"objectDomain\":\"fields\",\"editActive\":false,\"order\":3,\"label\":\"E-Mail\",\"type\":\"email\",\"key\":\"email_1525027511953\",\"label_pos\":\"above\",\"required\":1,\"default\":\"\",\"placeholder\":\"\",\"container_class\":\"\",\"element_class\":\"\",\"admin_label\":\"\",\"help_text\":\"\",\"custom_name_attribute\":\"email\",\"drawerDisabled\":false,\"id\":7,\"beforeField\":\"\",\"afterField\":\"\",\"value\":\"\",\"parentType\":\"email\",\"element_templates\":[\"email\",\"input\"],\"old_classname\":\"\",\"wrap_template\":\"wrap\"},{\"objectType\":\"Field\",\"objectDomain\":\"fields\",\"editActive\":false,\"order\":4,\"label\":\"\\ufeffTelefon\",\"type\":\"phone\",\"key\":\"phone_1525027516128\",\"label_pos\":\"above\",\"required\":false,\"default\":\"\",\"placeholder\":\"\",\"container_class\":\"\",\"element_class\":\"\",\"input_limit\":\"\",\"input_limit_type\":\"characters\",\"input_limit_msg\":\"Zeichen \\u00fcbrig\",\"manual_key\":false,\"admin_label\":\"\",\"help_text\":\"\",\"mask\":\"\",\"custom_mask\":\"\",\"custom_name_attribute\":\"phone\",\"id\":8,\"beforeField\":\"\",\"afterField\":\"\",\"value\":\"\",\"parentType\":\"textbox\",\"element_templates\":[\"tel\",\"textbox\",\"input\"],\"old_classname\":\"\",\"wrap_template\":\"wrap\"},{\"objectType\":\"Field\",\"objectDomain\":\"fields\",\"editActive\":false,\"order\":5,\"label\":\"Anreise\",\"type\":\"date\",\"key\":\"anreise_1525027534054\",\"label_pos\":\"above\",\"required\":false,\"placeholder\":\"\",\"container_class\":\"\",\"element_class\":\"\",\"manual_key\":false,\"admin_label\":\"\",\"help_text\":\"\",\"date_format\":\"default\",\"year_range_start\":\"\",\"year_range_end\":\"\",\"drawerDisabled\":false,\"hours_options\":\"<option value=\\\"00\\\" >00<\\\/option><option value=\\\"01\\\" >01<\\\/option><option value=\\\"02\\\" >02<\\\/option><option value=\\\"03\\\" >03<\\\/option><option value=\\\"04\\\" >04<\\\/option><option value=\\\"05\\\" >05<\\\/option><option value=\\\"06\\\" >06<\\\/option><option value=\\\"07\\\" >07<\\\/option><option value=\\\"08\\\" >08<\\\/option><option value=\\\"09\\\" >09<\\\/option><option value=\\\"10\\\" >10<\\\/option><option value=\\\"11\\\" >11<\\\/option><option value=\\\"12\\\" >12<\\\/option><option value=\\\"13\\\" >13<\\\/option><option value=\\\"14\\\" >14<\\\/option><option value=\\\"15\\\" >15<\\\/option><option value=\\\"16\\\" >16<\\\/option><option value=\\\"17\\\" >17<\\\/option><option value=\\\"18\\\" >18<\\\/option><option value=\\\"19\\\" >19<\\\/option><option value=\\\"20\\\" >20<\\\/option><option value=\\\"21\\\" >21<\\\/option><option value=\\\"22\\\" >22<\\\/option><option value=\\\"23\\\" >23<\\\/option>\",\"minutes_options\":\"<option value=\\\"00\\\" >00<\\\/option><option value=\\\"01\\\" >01<\\\/option><option value=\\\"02\\\" >02<\\\/option><option value=\\\"03\\\" >03<\\\/option><option value=\\\"04\\\" >04<\\\/option><option value=\\\"05\\\" >05<\\\/option><option value=\\\"06\\\" >06<\\\/option><option value=\\\"07\\\" >07<\\\/option><option value=\\\"08\\\" >08<\\\/option><option value=\\\"09\\\" >09<\\\/option><option value=\\\"10\\\" >10<\\\/option><option value=\\\"11\\\" >11<\\\/option><option value=\\\"12\\\" >12<\\\/option><option value=\\\"13\\\" >13<\\\/option><option value=\\\"14\\\" >14<\\\/option><option value=\\\"15\\\" >15<\\\/option><option value=\\\"16\\\" >16<\\\/option><option value=\\\"17\\\" >17<\\\/option><option value=\\\"18\\\" >18<\\\/option><option value=\\\"19\\\" >19<\\\/option><option value=\\\"20\\\" >20<\\\/option><option value=\\\"21\\\" >21<\\\/option><option value=\\\"22\\\" >22<\\\/option><option value=\\\"23\\\" >23<\\\/option><option value=\\\"24\\\" >24<\\\/option><option value=\\\"25\\\" >25<\\\/option><option value=\\\"26\\\" >26<\\\/option><option value=\\\"27\\\" >27<\\\/option><option value=\\\"28\\\" >28<\\\/option><option value=\\\"29\\\" >29<\\\/option><option value=\\\"30\\\" >30<\\\/option><option value=\\\"31\\\" >31<\\\/option><option value=\\\"32\\\" >32<\\\/option><option value=\\\"33\\\" >33<\\\/option><option value=\\\"34\\\" >34<\\\/option><option value=\\\"35\\\" >35<\\\/option><option value=\\\"36\\\" >36<\\\/option><option value=\\\"37\\\" >37<\\\/option><option value=\\\"38\\\" >38<\\\/option><option value=\\\"39\\\" >39<\\\/option><option value=\\\"40\\\" >40<\\\/option><option value=\\\"41\\\" >41<\\\/option><option value=\\\"42\\\" >42<\\\/option><option value=\\\"43\\\" >43<\\\/option><option value=\\\"44\\\" >44<\\\/option><option value=\\\"45\\\" >45<\\\/option><option value=\\\"46\\\" >46<\\\/option><option value=\\\"47\\\" >47<\\\/option><option value=\\\"48\\\" >48<\\\/option><option value=\\\"49\\\" >49<\\\/option><option value=\\\"50\\\" >50<\\\/option><option value=\\\"51\\\" >51<\\\/option><option value=\\\"52\\\" >52<\\\/option><option value=\\\"53\\\" >53<\\\/option><option value=\\\"54\\\" >54<\\\/option><option value=\\\"55\\\" >55<\\\/option><option value=\\\"56\\\" >56<\\\/option><option value=\\\"57\\\" >57<\\\/option><option value=\\\"58\\\" >58<\\\/option><option value=\\\"59\\\" >59<\\\/option>\",\"id\":9,\"beforeField\":\"\",\"afterField\":\"\",\"value\":\"\",\"parentType\":\"date\",\"element_templates\":[\"date\",\"textbox\",\"input\"],\"old_classname\":\"\",\"wrap_template\":\"wrap\"},{\"objectType\":\"Field\",\"objectDomain\":\"fields\",\"editActive\":false,\"order\":6,\"label\":\"Abreise\",\"type\":\"date\",\"key\":\"abreise_1525027566855\",\"label_pos\":\"above\",\"required\":false,\"placeholder\":\"\",\"container_class\":\"\",\"element_class\":\"\",\"manual_key\":false,\"admin_label\":\"\",\"help_text\":\"\",\"date_format\":\"default\",\"year_range_start\":\"\",\"year_range_end\":\"\",\"drawerDisabled\":false,\"hours_options\":\"<option value=\\\"00\\\" >00<\\\/option><option value=\\\"01\\\" >01<\\\/option><option value=\\\"02\\\" >02<\\\/option><option value=\\\"03\\\" >03<\\\/option><option value=\\\"04\\\" >04<\\\/option><option value=\\\"05\\\" >05<\\\/option><option value=\\\"06\\\" >06<\\\/option><option value=\\\"07\\\" >07<\\\/option><option value=\\\"08\\\" >08<\\\/option><option value=\\\"09\\\" >09<\\\/option><option value=\\\"10\\\" >10<\\\/option><option value=\\\"11\\\" >11<\\\/option><option value=\\\"12\\\" >12<\\\/option><option value=\\\"13\\\" >13<\\\/option><option value=\\\"14\\\" >14<\\\/option><option value=\\\"15\\\" >15<\\\/option><option value=\\\"16\\\" >16<\\\/option><option value=\\\"17\\\" >17<\\\/option><option value=\\\"18\\\" >18<\\\/option><option value=\\\"19\\\" >19<\\\/option><option value=\\\"20\\\" >20<\\\/option><option value=\\\"21\\\" >21<\\\/option><option value=\\\"22\\\" >22<\\\/option><option value=\\\"23\\\" >23<\\\/option>\",\"minutes_options\":\"<option value=\\\"00\\\" >00<\\\/option><option value=\\\"01\\\" >01<\\\/option><option value=\\\"02\\\" >02<\\\/option><option value=\\\"03\\\" >03<\\\/option><option value=\\\"04\\\" >04<\\\/option><option value=\\\"05\\\" >05<\\\/option><option value=\\\"06\\\" >06<\\\/option><option value=\\\"07\\\" >07<\\\/option><option value=\\\"08\\\" >08<\\\/option><option value=\\\"09\\\" >09<\\\/option><option value=\\\"10\\\" >10<\\\/option><option value=\\\"11\\\" >11<\\\/option><option value=\\\"12\\\" >12<\\\/option><option value=\\\"13\\\" >13<\\\/option><option value=\\\"14\\\" >14<\\\/option><option value=\\\"15\\\" >15<\\\/option><option value=\\\"16\\\" >16<\\\/option><option value=\\\"17\\\" >17<\\\/option><option value=\\\"18\\\" >18<\\\/option><option value=\\\"19\\\" >19<\\\/option><option value=\\\"20\\\" >20<\\\/option><option value=\\\"21\\\" >21<\\\/option><option value=\\\"22\\\" >22<\\\/option><option value=\\\"23\\\" >23<\\\/option><option value=\\\"24\\\" >24<\\\/option><option value=\\\"25\\\" >25<\\\/option><option value=\\\"26\\\" >26<\\\/option><option value=\\\"27\\\" >27<\\\/option><option value=\\\"28\\\" >28<\\\/option><option value=\\\"29\\\" >29<\\\/option><option value=\\\"30\\\" >30<\\\/option><option value=\\\"31\\\" >31<\\\/option><option value=\\\"32\\\" >32<\\\/option><option value=\\\"33\\\" >33<\\\/option><option value=\\\"34\\\" >34<\\\/option><option value=\\\"35\\\" >35<\\\/option><option value=\\\"36\\\" >36<\\\/option><option value=\\\"37\\\" >37<\\\/option><option value=\\\"38\\\" >38<\\\/option><option value=\\\"39\\\" >39<\\\/option><option value=\\\"40\\\" >40<\\\/option><option value=\\\"41\\\" >41<\\\/option><option value=\\\"42\\\" >42<\\\/option><option value=\\\"43\\\" >43<\\\/option><option value=\\\"44\\\" >44<\\\/option><option value=\\\"45\\\" >45<\\\/option><option value=\\\"46\\\" >46<\\\/option><option value=\\\"47\\\" >47<\\\/option><option value=\\\"48\\\" >48<\\\/option><option value=\\\"49\\\" >49<\\\/option><option value=\\\"50\\\" >50<\\\/option><option value=\\\"51\\\" >51<\\\/option><option value=\\\"52\\\" >52<\\\/option><option value=\\\"53\\\" >53<\\\/option><option value=\\\"54\\\" >54<\\\/option><option value=\\\"55\\\" >55<\\\/option><option value=\\\"56\\\" >56<\\\/option><option value=\\\"57\\\" >57<\\\/option><option value=\\\"58\\\" >58<\\\/option><option value=\\\"59\\\" >59<\\\/option>\",\"id\":10,\"beforeField\":\"\",\"afterField\":\"\",\"value\":\"\",\"parentType\":\"date\",\"element_templates\":[\"date\",\"textbox\",\"input\"],\"old_classname\":\"\",\"wrap_template\":\"wrap\"},{\"objectType\":\"Field\",\"objectDomain\":\"fields\",\"editActive\":false,\"order\":7,\"label\":\"Nachricht\",\"type\":\"textarea\",\"key\":\"nachricht_1525028150502\",\"label_pos\":\"above\",\"required\":false,\"default\":\"\",\"placeholder\":\"\",\"container_class\":\"\",\"element_class\":\"\",\"input_limit\":\"\",\"input_limit_type\":\"characters\",\"input_limit_msg\":\"Zeichen \\u00fcbrig\",\"manual_key\":false,\"admin_label\":\"\",\"help_text\":\"\",\"textarea_rte\":\"\",\"disable_rte_mobile\":\"\",\"textarea_media\":\"\",\"drawerDisabled\":false,\"id\":11,\"beforeField\":\"\",\"afterField\":\"\",\"value\":\"\",\"parentType\":\"textarea\",\"element_templates\":[\"textarea\",\"input\"],\"old_classname\":\"\",\"wrap_template\":\"wrap\"},{\"objectType\":\"Field\",\"objectDomain\":\"fields\",\"editActive\":false,\"order\":8,\"label\":\"Absenden\",\"type\":\"submit\",\"processing_label\":\"Verarbeite\",\"container_class\":\"\",\"element_class\":\"\",\"key\":\"submit_1525027629984\",\"id\":12,\"beforeField\":\"\",\"afterField\":\"\",\"value\":\"\",\"label_pos\":\"above\",\"parentType\":\"textbox\",\"element_templates\":[\"submit\",\"button\",\"input\"],\"old_classname\":\"\",\"wrap_template\":\"wrap-no-label\"}];nfForms.push(form);<\/script>\n        \n<p>Wir verarbeiten Ihre Daten (z.B. in Anspruch genommene Leistungen, Namen von Kontaktpersonen) um unsere vertraglichen Verpflichtungen und Serviceleistungen gem\u00e4\u00df Art. 6 Abs. 1 lit b. DSGVO zu erf\u00fcllen. Die in Onlineformularen als verpflichtend gekennzeichneten Angaben sind f\u00fcr den Vertragsschluss erforderlich.<\/p>\n","protected":false},"excerpt":{"rendered":"<p>Kontaktformular f\u00fcr Buchungsanfragen Wir verarbeiten Ihre Daten (z.B. in Anspruch genommene Leistungen, Namen von Kontaktpersonen) um unsere vertraglichen Verpflichtungen und Serviceleistungen gem\u00e4\u00df Art. 6 Abs. 1 lit b. DSGVO zu erf\u00fcllen. Die in Onlineformularen als verpflichtend gekennzeichneten Angaben sind f\u00fcr den Vertragsschluss erforderlich.<\/p>\n","protected":false},"author":1,"featured_media":0,"parent":0,"menu_order":0,"comment_status":"closed","ping_status":"closed","template":"","meta":{"footnotes":""},"class_list":["post-8","page","type-page","status-publish","hentry"],"_links":{"self":[{"href":"http:\/\/ferienhaus.zeeland-lodge.de\/index.php?rest_route=\/wp\/v2\/pages\/8","targetHints":{"allow":["GET"]}}],"collection":[{"href":"http:\/\/ferienhaus.zeeland-lodge.de\/index.php?rest_route=\/wp\/v2\/pages"}],"about":[{"href":"http:\/\/ferienhaus.zeeland-lodge.de\/index.php?rest_route=\/wp\/v2\/types\/page"}],"author":[{"embeddable":true,"href":"http:\/\/ferienhaus.zeeland-lodge.de\/index.php?rest_route=\/wp\/v2\/users\/1"}],"replies":[{"embeddable":true,"href":"http:\/\/ferienhaus.zeeland-lodge.de\/index.php?rest_route=%2Fwp%2Fv2%2Fcomments&post=8"}],"version-history":[{"count":6,"href":"http:\/\/ferienhaus.zeeland-lodge.de\/index.php?rest_route=\/wp\/v2\/pages\/8\/revisions"}],"predecessor-version":[{"id":128,"href":"http:\/\/ferienhaus.zeeland-lodge.de\/index.php?rest_route=\/wp\/v2\/pages\/8\/revisions\/128"}],"wp:attachment":[{"href":"http:\/\/ferienhaus.zeeland-lodge.de\/index.php?rest_route=%2Fwp%2Fv2%2Fmedia&parent=8"}],"curies":[{"name":"wp","href":"https:\/\/api.w.org\/{rel}","templated":true}]}}