{"id":6,"date":"2017-12-16T12:21:52","date_gmt":"2017-12-16T12:21:52","guid":{"rendered":"http:\/\/ferienhaus.zeeland-lodge.de\/?page_id=6"},"modified":"2025-11-06T12:31:42","modified_gmt":"2025-11-06T11:31:42","slug":"buchungskalender","status":"publish","type":"page","link":"http:\/\/ferienhaus.zeeland-lodge.de\/?page_id=6","title":{"rendered":"Buchungskalender\/Preise"},"content":{"rendered":"<p><strong>Buchungskalender<\/strong><\/p>\n<p><iframe loading=\"lazy\" style=\"border-width: 0;\" src=\"https:\/\/calendar.google.com\/calendar\/embed?height=600&amp;wkst=1&amp;bgcolor=%23FFFFFF&amp;src=mdvmp972gpb6tc4aovucb2f4lk%40group.calendar.google.com&amp;color=%23853104&amp;ctz=Europe%2FBerlin\" width=\"800\" height=\"600\" frameborder=\"0\" scrolling=\"no\"><\/iframe><\/p>\n<p><strong>Neue Preise ab 01. Januar 2026 (inkl. MwSt.)<\/strong><\/p>\n<table>\n<tbody>\n<tr>\n<th>Saison<\/th>\n<th>Zeitraum<\/th>\n<th>Tagespreis<\/th>\n<th>Wochenpreis<\/th>\n<\/tr>\n<tr>\n<td>Hauptsaison<\/td>\n<td>15.06. &#8211; 31.08.<\/td>\n<td>(nur Wochenweise)<\/td>\n<td>1.175 \u20ac<\/td>\n<\/tr>\n<tr>\n<td>Nebensaison<\/td>\n<td>16.03. &#8211; 14.06.<br \/>\n01.09. &#8211; 31.10.<br \/>\n21.12 &#8211; 04.01.<\/td>\n<td>150 \u20ac<\/td>\n<td>\u00a0980 \u20ac<\/td>\n<\/tr>\n<tr>\n<td>\u00dcbrige Zeit<\/td>\n<td>05.01. &#8211; 15.03.<br \/>\n01.11. &#8211; 20.12.<\/td>\n<td>100 \u20ac<\/td>\n<td>755 \u20ac<\/td>\n<\/tr>\n<\/tbody>\n<\/table>\n<p><strong>Liebe Ferieng\u00e4ste und Freunde der Zeeland-Lodge,<\/strong><\/p>\n<p>wir freuen uns auf Ihre\/Eure Buchung!<\/p>\n<p><strong><mark class=\"HxTRcb\" data-processed=\"true\">Ab dem 1. Januar 2026 wird die niederl\u00e4ndische Mehrwertsteuer auf die meisten Unterk\u00fcnfte von 9 % auf 21 % erh\u00f6ht<\/mark>. Diese \u00c4nderung betrifft Hotels, Ferienh\u00e4user, Ferienwohnungen, B&amp;Bs, Mobilheime und andere mietbare Unterk\u00fcnfte. Und somit auch leider unsere Zeeland Lodge. Wir sind gezwungen diese Erh\u00f6hung auf unsere Mietpreise zu schlagen aber wollen dabei fair bleiben. Es wird deshalb nur die Erh\u00f6hung um die Differenz der\u00a0 Mehrwertsteuer geben und keine weiteren.<\/strong><\/p>\n<p>Unsere Preise beziehen sich auf den Preis pro Tag \/ eine Woche f\u00fcr das genannte Ferienhaus f\u00fcr bis zu 5 Personen.<br \/>\nIn den Schulferien bzw. in der Hauptsaison (Mitte Juni &#8211; August) wird die Zeeland-Lodge nur wochenweise vermietet, ansonsten betr\u00e4gt die Mindestmietzeit 3 N\u00e4chte.<br \/>\nZu den jeweils ausgewiesenen Preisen hinzu kommen unabh\u00e4ngig von der Mietdauer pro Buchung 70 Euro f\u00fcr die Endreinigung. Wenn Sie Hunde mitbringen, berechnen wir 30\u20ac zus\u00e4tzlich pro Woche. Sie d\u00fcrfen bis zu 3 Hunde mit in die Zeeland-Lodge bringen.<\/p>\n<p>Die Touristensteuer der Gemeinde Noord-Beveland \/Kurtaxe von 2,00 Euro pro Person und Tag wird ebenfalls von uns erhoben und dann an die Gemeinde abgef\u00fchrt.<\/p>\n<p>Kinderreisebett, Kinderhochstuhl, Hundenapf sowie die Nutzung der Waschmaschine und von 2 Fahrr\u00e4dern (Nutzung auf eigene Gefahr) stehen ohne Aufpreis zur Verf\u00fcgung. Au\u00dferdem haben wir sehr viel Spielzeug f\u00fcr Kinder, einen Sandkasten und eine kleine Rutsche im Garten.<\/p>\n<p>F\u00fcr den Mietzeitraum wird von dem Mieter mit dem Anmelde-\/Buchungsvorgang eine Kaution in H\u00f6he von 150,- Euro hinterlegt. Diese Kaution wird innerhalb von 7 Tagen nach Abreise auf das vom Mieter bei der Buchung angegebene (oder ein sonstiges vom Mieter zu benennendes) Konto zur\u00fcck \u00fcberwiesen, sofern keine Sch\u00e4den \/Verluste an Haus, Garten und Inventar entstanden sind.<br \/>\nEin nach Aufwand berechneter Abzug von der Kaution wird auch dann erhoben, wenn das Haus nicht besenrein, sondern in einem so schmutzigen Zustand verlassen wurde, dass unsere Reinigungskr\u00e4fte deutlich l\u00e4nger f\u00fcr die Reinigung brauchen als das im Normalfall notwendig ist.<br \/>\nBitte haben Sie Verst\u00e4ndnis daf\u00fcr, dass wir die Endreinigung als festen Zusatz betrachten. Wir m\u00f6chten all unseren G\u00e4sten einen gleich hohen Standard an Sauberkeit gew\u00e4hrleisten und Ihnen damit einen erholsamen Urlaub g\u00f6nnen.<\/p>\n","protected":false},"excerpt":{"rendered":"<p>Buchungskalender Neue Preise ab 01. Januar 2026 (inkl. MwSt.) Saison Zeitraum Tagespreis Wochenpreis Hauptsaison 15.06. &#8211; 31.08. (nur Wochenweise) 1.175 \u20ac Nebensaison 16.03. &#8211; 14.06. 01.09. &#8211; 31.10. 21.12 &#8211; 04.01. 150 \u20ac \u00a0980 \u20ac \u00dcbrige Zeit 05.01. &#8211; 15.03. 01.11. &#8211; 20.12. 100 \u20ac 755 \u20ac Liebe Ferieng\u00e4ste und Freunde der Zeeland-Lodge, wir freuen &hellip; <\/p>\n<p class=\"link-more\"><a href=\"http:\/\/ferienhaus.zeeland-lodge.de\/?page_id=6\" class=\"more-link\"><span class=\"screen-reader-text\">\u201eBuchungskalender\/Preise\u201c<\/span> weiterlesen<\/a><\/p>\n","protected":false},"author":1,"featured_media":0,"parent":0,"menu_order":0,"comment_status":"closed","ping_status":"closed","template":"","meta":{"footnotes":""},"class_list":["post-6","page","type-page","status-publish","hentry"],"_links":{"self":[{"href":"http:\/\/ferienhaus.zeeland-lodge.de\/index.php?rest_route=\/wp\/v2\/pages\/6","targetHints":{"allow":["GET"]}}],"collection":[{"href":"http:\/\/ferienhaus.zeeland-lodge.de\/index.php?rest_route=\/wp\/v2\/pages"}],"about":[{"href":"http:\/\/ferienhaus.zeeland-lodge.de\/index.php?rest_route=\/wp\/v2\/types\/page"}],"author":[{"embeddable":true,"href":"http:\/\/ferienhaus.zeeland-lodge.de\/index.php?rest_route=\/wp\/v2\/users\/1"}],"replies":[{"embeddable":true,"href":"http:\/\/ferienhaus.zeeland-lodge.de\/index.php?rest_route=%2Fwp%2Fv2%2Fcomments&post=6"}],"version-history":[{"count":21,"href":"http:\/\/ferienhaus.zeeland-lodge.de\/index.php?rest_route=\/wp\/v2\/pages\/6\/revisions"}],"predecessor-version":[{"id":377,"href":"http:\/\/ferienhaus.zeeland-lodge.de\/index.php?rest_route=\/wp\/v2\/pages\/6\/revisions\/377"}],"wp:attachment":[{"href":"http:\/\/ferienhaus.zeeland-lodge.de\/index.php?rest_route=%2Fwp%2Fv2%2Fmedia&parent=6"}],"curies":[{"name":"wp","href":"https:\/\/api.w.org\/{rel}","templated":true}]}}