{"id":4,"date":"2017-12-16T12:19:35","date_gmt":"2017-12-16T12:19:35","guid":{"rendered":"http:\/\/ferienhaus.zeeland-lodge.de\/?page_id=4"},"modified":"2025-11-06T12:41:00","modified_gmt":"2025-11-06T11:41:00","slug":"ferienhaus","status":"publish","type":"page","link":"http:\/\/ferienhaus.zeeland-lodge.de\/?page_id=4","title":{"rendered":"Das Ferienhaus \/ Bilder"},"content":{"rendered":"<p><strong>Das Ferienhaus<\/strong> steht auf einem ca. 600qm gro\u00dfen, komplett eingez\u00e4untem Privatgrundst\u00fcck, ist uneinsehbar und bietet so sehr viel Privatsph\u00e4re. Das Haus ist ca. 75qm gro\u00df und hat dazu noch einen Wintergarten, der zu allen drei Seiten zu \u00f6ffnen ist.<br \/>\nDas Haus ist sehr hell, modern eingerichtet und ebenerdig.<\/p>\n<p><strong>Zum Ferienhaus geh\u00f6ren:<\/strong><br \/>\n&#8211; Wohnzimmer mit gro\u00dfer Fensterfront zu Terrasse und Garten<br \/>\n&#8211; Ein gro\u00dfer Wintergarten, an drei Seiten zu \u00f6ffnen<br \/>\n&#8211; 2 Schlafzimmer<br \/>\n&#8211; voll ausgestattete K\u00fcche mit K\u00fcchenblock<br \/>\n&#8211; modernes Duschbad mit Toilette, mit F\u00f6n<br \/>\n&#8211; kleine Diele<br \/>\n&#8211; separater Hauswirtschaftsraum mit Waschmaschine<br \/>\n&#8211; eine kleine Garage mit Fahrr\u00e4dern, Spielsachen f\u00fcr den Strand<br \/>\n&#8211; private PKW Stellpl\u00e4tze vor der Garage<br \/>\n&#8211; Die Fu\u00dfb\u00f6den im Haus bestehen aus Vinyl, das Bad ist gefliest<\/p>\n<p><strong>&#8211; Wohnzimmer:<\/strong><br \/>\nW-LAN, Fernseher mit deutschen Programmen (Magenta TV) und Google Chromecast zum Streamen von Inhalten, Bluetooth Lautsprecher, Couch, kl. Tisch.<\/p>\n<p><strong>&#8211; K\u00fcche<\/strong><br \/>\nElektroherd mit integriertem Backofen, Dunstabzugs-Haube, Sp\u00fclmaschine, K\u00fchlschrank mit Gefrierfach, Mikrowelle, Filter-Kaffeemaschine und Nespresso-Maschine, Wasserkocher, Toaster, Stabmixer, Esszimmertisch, Kinderstuhl<\/p>\n<p><strong>&#8211; Schlafzimmer:<\/strong><br \/>\nDas Bett im 1. Schlafzimmer ist 160 cm x 200 cm gro\u00df, im 2. Schlafzimmer steht ein gro\u00dfes Hochbett. Unten ist eine Liegefl\u00e4che von 140 cm x 200 cm zu finden. Das obere Bett hat eine Gr\u00f6\u00dfe von 90 cm x 200 cm.<br \/>\nZus\u00e4tzliche Decken\u00a0 sowie ein Kindereisebett mit eigener Matratze sind vorhanden. Zudem gibt es einen Rausfallschutz, der unten am Hochbett leicht befestigt werden kann.<\/p>\n<p><strong>&#8211; Hauswirtschaftsraum<\/strong><br \/>\nWaschmaschine, Waschbecken, W\u00e4scheklammern, Putzmittel, Staubsauger, Besen<\/p>\n<p><strong>&#8211; Wintergarten<\/strong><br \/>\nTransparent \u00fcberdacht, m\u00f6bliert mit Tisch und St\u00fchlen (auch ein Kinderstuhl ist vorhanden), zu drei Seiten zu \u00f6ffnen<\/p>\n<p><strong>&#8211; Garten:<\/strong><br \/>\nLiegest\u00fchle, Gartenbank, Gartentisch, Lounge Gartenm\u00f6bel<\/p>\n<p><strong>&#8211; Gartenhaus:<\/strong><br \/>\n2\u00a0 Fahrr\u00e4der (ein Damen-, ein Herrenrad, Nutzung auf eigene Gefahr &#8211;\u00a0 der Eigent\u00fcmer haftet nicht f\u00fcr eventuelle Sch\u00e4den oder Defekte), Grill, Strandutensilien, Spielzeug<\/p>\n<p><strong>&#8211; Rauchen<\/strong><br \/>\nDas Haus ist ein Nichtraucherhaus. Aus feuertechnischen Gr\u00fcnden ist das Rauchen auch in der Garage nicht gestattet.<\/p>\n<div id='gallery-1' class='gallery galleryid-4 gallery-columns-3 gallery-size-thumbnail'><figure class='gallery-item'>\n\t\t\t<div class='gallery-icon portrait'>\n\t\t\t\t<a href='http:\/\/ferienhaus.zeeland-lodge.de\/?attachment_id=320'><img loading=\"lazy\" decoding=\"async\" width=\"150\" height=\"150\" src=\"http:\/\/ferienhaus.zeeland-lodge.de\/wp-content\/uploads\/2024\/04\/PXL_20240428_130440818-150x150.jpg\" class=\"attachment-thumbnail size-thumbnail\" alt=\"\" aria-describedby=\"gallery-1-320\" srcset=\"http:\/\/ferienhaus.zeeland-lodge.de\/wp-content\/uploads\/2024\/04\/PXL_20240428_130440818-150x150.jpg 150w, http:\/\/ferienhaus.zeeland-lodge.de\/wp-content\/uploads\/2024\/04\/PXL_20240428_130440818-100x100.jpg 100w\" sizes=\"auto, 100vw\" \/><\/a>\n\t\t\t<\/div>\n\t\t\t\t<figcaption class='wp-caption-text gallery-caption' id='gallery-1-320'>\n\t\t\t\tNr. 10 \n\t\t\t\t<\/figcaption><\/figure><figure class='gallery-item'>\n\t\t\t<div class='gallery-icon portrait'>\n\t\t\t\t<a href='http:\/\/ferienhaus.zeeland-lodge.de\/?attachment_id=327'><img loading=\"lazy\" decoding=\"async\" width=\"150\" height=\"150\" src=\"http:\/\/ferienhaus.zeeland-lodge.de\/wp-content\/uploads\/2024\/04\/PXL_20240428_130421159-150x150.jpg\" class=\"attachment-thumbnail size-thumbnail\" alt=\"\" aria-describedby=\"gallery-1-327\" srcset=\"http:\/\/ferienhaus.zeeland-lodge.de\/wp-content\/uploads\/2024\/04\/PXL_20240428_130421159-150x150.jpg 150w, http:\/\/ferienhaus.zeeland-lodge.de\/wp-content\/uploads\/2024\/04\/PXL_20240428_130421159-100x100.jpg 100w\" sizes=\"auto, 100vw\" \/><\/a>\n\t\t\t<\/div>\n\t\t\t\t<figcaption class='wp-caption-text gallery-caption' id='gallery-1-327'>\n\t\t\t\tAu\u00dfen \/ Eingang\n\t\t\t\t<\/figcaption><\/figure><figure class='gallery-item'>\n\t\t\t<div class='gallery-icon landscape'>\n\t\t\t\t<a href='http:\/\/ferienhaus.zeeland-lodge.de\/?attachment_id=161'><img loading=\"lazy\" decoding=\"async\" width=\"150\" height=\"150\" src=\"http:\/\/ferienhaus.zeeland-lodge.de\/wp-content\/uploads\/2018\/07\/2018-07-23-11.30.57-150x150.jpg\" class=\"attachment-thumbnail size-thumbnail\" alt=\"\" aria-describedby=\"gallery-1-161\" srcset=\"http:\/\/ferienhaus.zeeland-lodge.de\/wp-content\/uploads\/2018\/07\/2018-07-23-11.30.57-150x150.jpg 150w, http:\/\/ferienhaus.zeeland-lodge.de\/wp-content\/uploads\/2018\/07\/2018-07-23-11.30.57-100x100.jpg 100w\" sizes=\"auto, 100vw\" \/><\/a>\n\t\t\t<\/div>\n\t\t\t\t<figcaption class='wp-caption-text gallery-caption' id='gallery-1-161'>\n\t\t\t\tEingang\n\t\t\t\t<\/figcaption><\/figure><figure class='gallery-item'>\n\t\t\t<div class='gallery-icon portrait'>\n\t\t\t\t<a href='http:\/\/ferienhaus.zeeland-lodge.de\/?attachment_id=386'><img loading=\"lazy\" decoding=\"async\" width=\"150\" height=\"150\" src=\"http:\/\/ferienhaus.zeeland-lodge.de\/wp-content\/uploads\/2025\/11\/PXL_20250126_131000804-150x150.jpg\" class=\"attachment-thumbnail size-thumbnail\" alt=\"\" aria-describedby=\"gallery-1-386\" srcset=\"http:\/\/ferienhaus.zeeland-lodge.de\/wp-content\/uploads\/2025\/11\/PXL_20250126_131000804-150x150.jpg 150w, http:\/\/ferienhaus.zeeland-lodge.de\/wp-content\/uploads\/2025\/11\/PXL_20250126_131000804-100x100.jpg 100w\" sizes=\"auto, 100vw\" \/><\/a>\n\t\t\t<\/div>\n\t\t\t\t<figcaption class='wp-caption-text gallery-caption' id='gallery-1-386'>\n\t\t\t\tFlur &#8211; Willkommen\n\t\t\t\t<\/figcaption><\/figure><figure class='gallery-item'>\n\t\t\t<div class='gallery-icon portrait'>\n\t\t\t\t<a href='http:\/\/ferienhaus.zeeland-lodge.de\/?attachment_id=326'><img loading=\"lazy\" decoding=\"async\" width=\"150\" height=\"150\" src=\"http:\/\/ferienhaus.zeeland-lodge.de\/wp-content\/uploads\/2024\/04\/PXL_20240428_143252381.MP_-150x150.jpg\" class=\"attachment-thumbnail size-thumbnail\" alt=\"\" aria-describedby=\"gallery-1-326\" srcset=\"http:\/\/ferienhaus.zeeland-lodge.de\/wp-content\/uploads\/2024\/04\/PXL_20240428_143252381.MP_-150x150.jpg 150w, http:\/\/ferienhaus.zeeland-lodge.de\/wp-content\/uploads\/2024\/04\/PXL_20240428_143252381.MP_-100x100.jpg 100w\" sizes=\"auto, 100vw\" \/><\/a>\n\t\t\t<\/div>\n\t\t\t\t<figcaption class='wp-caption-text gallery-caption' id='gallery-1-326'>\n\t\t\t\t1. Schlafzimmer 1\n\t\t\t\t<\/figcaption><\/figure><figure class='gallery-item'>\n\t\t\t<div class='gallery-icon portrait'>\n\t\t\t\t<a href='http:\/\/ferienhaus.zeeland-lodge.de\/?attachment_id=195'><img loading=\"lazy\" decoding=\"async\" width=\"150\" height=\"150\" src=\"http:\/\/ferienhaus.zeeland-lodge.de\/wp-content\/uploads\/2019\/01\/DSC_3047-150x150.jpg\" class=\"attachment-thumbnail size-thumbnail\" alt=\"\" aria-describedby=\"gallery-1-195\" srcset=\"http:\/\/ferienhaus.zeeland-lodge.de\/wp-content\/uploads\/2019\/01\/DSC_3047-150x150.jpg 150w, http:\/\/ferienhaus.zeeland-lodge.de\/wp-content\/uploads\/2019\/01\/DSC_3047-100x100.jpg 100w\" sizes=\"auto, 100vw\" \/><\/a>\n\t\t\t<\/div>\n\t\t\t\t<figcaption class='wp-caption-text gallery-caption' id='gallery-1-195'>\n\t\t\t\t1. Schlafzimmer 2\n\t\t\t\t<\/figcaption><\/figure><figure class='gallery-item'>\n\t\t\t<div class='gallery-icon landscape'>\n\t\t\t\t<a href='http:\/\/ferienhaus.zeeland-lodge.de\/?attachment_id=196'><img loading=\"lazy\" decoding=\"async\" width=\"150\" height=\"150\" src=\"http:\/\/ferienhaus.zeeland-lodge.de\/wp-content\/uploads\/2019\/01\/DSC_3050-150x150.jpg\" class=\"attachment-thumbnail size-thumbnail\" alt=\"\" aria-describedby=\"gallery-1-196\" srcset=\"http:\/\/ferienhaus.zeeland-lodge.de\/wp-content\/uploads\/2019\/01\/DSC_3050-150x150.jpg 150w, http:\/\/ferienhaus.zeeland-lodge.de\/wp-content\/uploads\/2019\/01\/DSC_3050-100x100.jpg 100w\" sizes=\"auto, 100vw\" \/><\/a>\n\t\t\t<\/div>\n\t\t\t\t<figcaption class='wp-caption-text gallery-caption' id='gallery-1-196'>\n\t\t\t\t2. Schlafzimmer 2\n\t\t\t\t<\/figcaption><\/figure><figure class='gallery-item'>\n\t\t\t<div class='gallery-icon portrait'>\n\t\t\t\t<a href='http:\/\/ferienhaus.zeeland-lodge.de\/?attachment_id=194'><img loading=\"lazy\" decoding=\"async\" width=\"150\" height=\"150\" src=\"http:\/\/ferienhaus.zeeland-lodge.de\/wp-content\/uploads\/2019\/01\/DSC_3046-150x150.jpg\" class=\"attachment-thumbnail size-thumbnail\" alt=\"\" aria-describedby=\"gallery-1-194\" srcset=\"http:\/\/ferienhaus.zeeland-lodge.de\/wp-content\/uploads\/2019\/01\/DSC_3046-150x150.jpg 150w, http:\/\/ferienhaus.zeeland-lodge.de\/wp-content\/uploads\/2019\/01\/DSC_3046-100x100.jpg 100w\" sizes=\"auto, 100vw\" \/><\/a>\n\t\t\t<\/div>\n\t\t\t\t<figcaption class='wp-caption-text gallery-caption' id='gallery-1-194'>\n\t\t\t\t3. Schlafzimmer 2\n\t\t\t\t<\/figcaption><\/figure><figure class='gallery-item'>\n\t\t\t<div class='gallery-icon landscape'>\n\t\t\t\t<a href='http:\/\/ferienhaus.zeeland-lodge.de\/?attachment_id=382'><img loading=\"lazy\" decoding=\"async\" width=\"150\" height=\"150\" src=\"http:\/\/ferienhaus.zeeland-lodge.de\/wp-content\/uploads\/2025\/11\/PXL_20250126_130629813-150x150.jpg\" class=\"attachment-thumbnail size-thumbnail\" alt=\"\" aria-describedby=\"gallery-1-382\" srcset=\"http:\/\/ferienhaus.zeeland-lodge.de\/wp-content\/uploads\/2025\/11\/PXL_20250126_130629813-150x150.jpg 150w, http:\/\/ferienhaus.zeeland-lodge.de\/wp-content\/uploads\/2025\/11\/PXL_20250126_130629813-100x100.jpg 100w\" sizes=\"auto, 100vw\" \/><\/a>\n\t\t\t<\/div>\n\t\t\t\t<figcaption class='wp-caption-text gallery-caption' id='gallery-1-382'>\n\t\t\t\tBlick ins Wohnzimmer\n\t\t\t\t<\/figcaption><\/figure><figure class='gallery-item'>\n\t\t\t<div class='gallery-icon landscape'>\n\t\t\t\t<a href='http:\/\/ferienhaus.zeeland-lodge.de\/?attachment_id=323'><img loading=\"lazy\" decoding=\"async\" width=\"150\" height=\"150\" src=\"http:\/\/ferienhaus.zeeland-lodge.de\/wp-content\/uploads\/2024\/04\/PXL_20240428_143131002-150x150.jpg\" class=\"attachment-thumbnail size-thumbnail\" alt=\"\" aria-describedby=\"gallery-1-323\" srcset=\"http:\/\/ferienhaus.zeeland-lodge.de\/wp-content\/uploads\/2024\/04\/PXL_20240428_143131002-150x150.jpg 150w, http:\/\/ferienhaus.zeeland-lodge.de\/wp-content\/uploads\/2024\/04\/PXL_20240428_143131002-100x100.jpg 100w\" sizes=\"auto, 100vw\" \/><\/a>\n\t\t\t<\/div>\n\t\t\t\t<figcaption class='wp-caption-text gallery-caption' id='gallery-1-323'>\n\t\t\t\tWohnzimmer\n\t\t\t\t<\/figcaption><\/figure><figure class='gallery-item'>\n\t\t\t<div class='gallery-icon portrait'>\n\t\t\t\t<a href='http:\/\/ferienhaus.zeeland-lodge.de\/?attachment_id=383'><img loading=\"lazy\" decoding=\"async\" width=\"150\" height=\"150\" src=\"http:\/\/ferienhaus.zeeland-lodge.de\/wp-content\/uploads\/2025\/11\/PXL_20250126_130647248-150x150.jpg\" class=\"attachment-thumbnail size-thumbnail\" alt=\"\" aria-describedby=\"gallery-1-383\" srcset=\"http:\/\/ferienhaus.zeeland-lodge.de\/wp-content\/uploads\/2025\/11\/PXL_20250126_130647248-150x150.jpg 150w, http:\/\/ferienhaus.zeeland-lodge.de\/wp-content\/uploads\/2025\/11\/PXL_20250126_130647248-100x100.jpg 100w\" sizes=\"auto, 100vw\" \/><\/a>\n\t\t\t<\/div>\n\t\t\t\t<figcaption class='wp-caption-text gallery-caption' id='gallery-1-383'>\n\t\t\t\tTulpen \ud83d\ude42\n\t\t\t\t<\/figcaption><\/figure><figure class='gallery-item'>\n\t\t\t<div class='gallery-icon landscape'>\n\t\t\t\t<a href='http:\/\/ferienhaus.zeeland-lodge.de\/?attachment_id=324'><img loading=\"lazy\" decoding=\"async\" width=\"150\" height=\"150\" src=\"http:\/\/ferienhaus.zeeland-lodge.de\/wp-content\/uploads\/2024\/04\/PXL_20240428_143200046-150x150.jpg\" class=\"attachment-thumbnail size-thumbnail\" alt=\"\" aria-describedby=\"gallery-1-324\" srcset=\"http:\/\/ferienhaus.zeeland-lodge.de\/wp-content\/uploads\/2024\/04\/PXL_20240428_143200046-150x150.jpg 150w, http:\/\/ferienhaus.zeeland-lodge.de\/wp-content\/uploads\/2024\/04\/PXL_20240428_143200046-100x100.jpg 100w\" sizes=\"auto, 100vw\" \/><\/a>\n\t\t\t<\/div>\n\t\t\t\t<figcaption class='wp-caption-text gallery-caption' id='gallery-1-324'>\n\t\t\t\tK\u00fcche\n\t\t\t\t<\/figcaption><\/figure><figure class='gallery-item'>\n\t\t\t<div class='gallery-icon landscape'>\n\t\t\t\t<a href='http:\/\/ferienhaus.zeeland-lodge.de\/?attachment_id=325'><img loading=\"lazy\" decoding=\"async\" width=\"150\" height=\"150\" src=\"http:\/\/ferienhaus.zeeland-lodge.de\/wp-content\/uploads\/2024\/04\/PXL_20240428_143211774-150x150.jpg\" class=\"attachment-thumbnail size-thumbnail\" alt=\"\" aria-describedby=\"gallery-1-325\" srcset=\"http:\/\/ferienhaus.zeeland-lodge.de\/wp-content\/uploads\/2024\/04\/PXL_20240428_143211774-150x150.jpg 150w, http:\/\/ferienhaus.zeeland-lodge.de\/wp-content\/uploads\/2024\/04\/PXL_20240428_143211774-100x100.jpg 100w\" sizes=\"auto, 100vw\" \/><\/a>\n\t\t\t<\/div>\n\t\t\t\t<figcaption class='wp-caption-text gallery-caption' id='gallery-1-325'>\n\t\t\t\tBlick von K\u00fcche in Wohnzimmer\n\t\t\t\t<\/figcaption><\/figure><figure class='gallery-item'>\n\t\t\t<div class='gallery-icon portrait'>\n\t\t\t\t<a href='http:\/\/ferienhaus.zeeland-lodge.de\/?attachment_id=51'><img loading=\"lazy\" decoding=\"async\" width=\"150\" height=\"150\" src=\"http:\/\/ferienhaus.zeeland-lodge.de\/wp-content\/uploads\/2018\/04\/Badezimmer_02.2018_2-150x150.jpg\" class=\"attachment-thumbnail size-thumbnail\" alt=\"\" aria-describedby=\"gallery-1-51\" srcset=\"http:\/\/ferienhaus.zeeland-lodge.de\/wp-content\/uploads\/2018\/04\/Badezimmer_02.2018_2-150x150.jpg 150w, http:\/\/ferienhaus.zeeland-lodge.de\/wp-content\/uploads\/2018\/04\/Badezimmer_02.2018_2-100x100.jpg 100w\" sizes=\"auto, 100vw\" \/><\/a>\n\t\t\t<\/div>\n\t\t\t\t<figcaption class='wp-caption-text gallery-caption' id='gallery-1-51'>\n\t\t\t\tDusche\n\t\t\t\t<\/figcaption><\/figure><figure class='gallery-item'>\n\t\t\t<div class='gallery-icon portrait'>\n\t\t\t\t<a href='http:\/\/ferienhaus.zeeland-lodge.de\/?attachment_id=52'><img loading=\"lazy\" decoding=\"async\" width=\"150\" height=\"150\" src=\"http:\/\/ferienhaus.zeeland-lodge.de\/wp-content\/uploads\/2018\/04\/Badezimmer_02.2018-150x150.jpg\" class=\"attachment-thumbnail size-thumbnail\" alt=\"\" aria-describedby=\"gallery-1-52\" srcset=\"http:\/\/ferienhaus.zeeland-lodge.de\/wp-content\/uploads\/2018\/04\/Badezimmer_02.2018-150x150.jpg 150w, http:\/\/ferienhaus.zeeland-lodge.de\/wp-content\/uploads\/2018\/04\/Badezimmer_02.2018-100x100.jpg 100w\" sizes=\"auto, 100vw\" \/><\/a>\n\t\t\t<\/div>\n\t\t\t\t<figcaption class='wp-caption-text gallery-caption' id='gallery-1-52'>\n\t\t\t\tBad\n\t\t\t\t<\/figcaption><\/figure><figure class='gallery-item'>\n\t\t\t<div class='gallery-icon landscape'>\n\t\t\t\t<a href='http:\/\/ferienhaus.zeeland-lodge.de\/?attachment_id=322'><img loading=\"lazy\" decoding=\"async\" width=\"150\" height=\"150\" src=\"http:\/\/ferienhaus.zeeland-lodge.de\/wp-content\/uploads\/2024\/04\/PXL_20240428_133413708-150x150.jpg\" class=\"attachment-thumbnail size-thumbnail\" alt=\"\" aria-describedby=\"gallery-1-322\" srcset=\"http:\/\/ferienhaus.zeeland-lodge.de\/wp-content\/uploads\/2024\/04\/PXL_20240428_133413708-150x150.jpg 150w, http:\/\/ferienhaus.zeeland-lodge.de\/wp-content\/uploads\/2024\/04\/PXL_20240428_133413708-100x100.jpg 100w\" sizes=\"auto, 100vw\" \/><\/a>\n\t\t\t<\/div>\n\t\t\t\t<figcaption class='wp-caption-text gallery-caption' id='gallery-1-322'>\n\t\t\t\tWintergarten\n\t\t\t\t<\/figcaption><\/figure><figure class='gallery-item'>\n\t\t\t<div class='gallery-icon landscape'>\n\t\t\t\t<a href='http:\/\/ferienhaus.zeeland-lodge.de\/?attachment_id=389'><img loading=\"lazy\" decoding=\"async\" width=\"150\" height=\"150\" src=\"http:\/\/ferienhaus.zeeland-lodge.de\/wp-content\/uploads\/2025\/11\/PXL_20250421_143336862-150x150.jpg\" class=\"attachment-thumbnail size-thumbnail\" alt=\"\" aria-describedby=\"gallery-1-389\" srcset=\"http:\/\/ferienhaus.zeeland-lodge.de\/wp-content\/uploads\/2025\/11\/PXL_20250421_143336862-150x150.jpg 150w, http:\/\/ferienhaus.zeeland-lodge.de\/wp-content\/uploads\/2025\/11\/PXL_20250421_143336862-100x100.jpg 100w\" sizes=\"auto, 100vw\" \/><\/a>\n\t\t\t<\/div>\n\t\t\t\t<figcaption class='wp-caption-text gallery-caption' id='gallery-1-389'>\n\t\t\t\tBlick von au\u00dfen\n\t\t\t\t<\/figcaption><\/figure><figure class='gallery-item'>\n\t\t\t<div class='gallery-icon portrait'>\n\t\t\t\t<a href='http:\/\/ferienhaus.zeeland-lodge.de\/?attachment_id=388'><img loading=\"lazy\" decoding=\"async\" width=\"150\" height=\"150\" src=\"http:\/\/ferienhaus.zeeland-lodge.de\/wp-content\/uploads\/2025\/11\/PXL_20250421_143332674-150x150.jpg\" class=\"attachment-thumbnail size-thumbnail\" alt=\"\" aria-describedby=\"gallery-1-388\" srcset=\"http:\/\/ferienhaus.zeeland-lodge.de\/wp-content\/uploads\/2025\/11\/PXL_20250421_143332674-150x150.jpg 150w, http:\/\/ferienhaus.zeeland-lodge.de\/wp-content\/uploads\/2025\/11\/PXL_20250421_143332674-100x100.jpg 100w\" sizes=\"auto, 100vw\" \/><\/a>\n\t\t\t<\/div>\n\t\t\t\t<figcaption class='wp-caption-text gallery-caption' id='gallery-1-388'>\n\t\t\t\tSch\u00f6n gro\u00dfer Garten\n\t\t\t\t<\/figcaption><\/figure><figure class='gallery-item'>\n\t\t\t<div class='gallery-icon landscape'>\n\t\t\t\t<a href='http:\/\/ferienhaus.zeeland-lodge.de\/?attachment_id=158'><img loading=\"lazy\" decoding=\"async\" width=\"150\" height=\"150\" src=\"http:\/\/ferienhaus.zeeland-lodge.de\/wp-content\/uploads\/2018\/07\/2018-07-23-11.28.11-150x150.jpg\" class=\"attachment-thumbnail size-thumbnail\" alt=\"\" aria-describedby=\"gallery-1-158\" srcset=\"http:\/\/ferienhaus.zeeland-lodge.de\/wp-content\/uploads\/2018\/07\/2018-07-23-11.28.11-150x150.jpg 150w, http:\/\/ferienhaus.zeeland-lodge.de\/wp-content\/uploads\/2018\/07\/2018-07-23-11.28.11-100x100.jpg 100w\" sizes=\"auto, 100vw\" \/><\/a>\n\t\t\t<\/div>\n\t\t\t\t<figcaption class='wp-caption-text gallery-caption' id='gallery-1-158'>\n\t\t\t\tTerasse\n\t\t\t\t<\/figcaption><\/figure><figure class='gallery-item'>\n\t\t\t<div class='gallery-icon landscape'>\n\t\t\t\t<a href='http:\/\/ferienhaus.zeeland-lodge.de\/?attachment_id=232'><img loading=\"lazy\" decoding=\"async\" width=\"150\" height=\"150\" src=\"http:\/\/ferienhaus.zeeland-lodge.de\/wp-content\/uploads\/2020\/10\/Zeeland-Lodge-2020-150x150.jpg\" class=\"attachment-thumbnail size-thumbnail\" alt=\"Terasse\" aria-describedby=\"gallery-1-232\" srcset=\"http:\/\/ferienhaus.zeeland-lodge.de\/wp-content\/uploads\/2020\/10\/Zeeland-Lodge-2020-150x150.jpg 150w, http:\/\/ferienhaus.zeeland-lodge.de\/wp-content\/uploads\/2020\/10\/Zeeland-Lodge-2020-100x100.jpg 100w\" sizes=\"auto, 100vw\" \/><\/a>\n\t\t\t<\/div>\n\t\t\t\t<figcaption class='wp-caption-text gallery-caption' id='gallery-1-232'>\n\t\t\t\tTerasse\n\t\t\t\t<\/figcaption><\/figure><figure class='gallery-item'>\n\t\t\t<div class='gallery-icon landscape'>\n\t\t\t\t<a href='http:\/\/ferienhaus.zeeland-lodge.de\/?attachment_id=155'><img loading=\"lazy\" decoding=\"async\" width=\"150\" height=\"150\" src=\"http:\/\/ferienhaus.zeeland-lodge.de\/wp-content\/uploads\/2018\/07\/2018-07-23-11.25.53-150x150.jpg\" class=\"attachment-thumbnail size-thumbnail\" alt=\"\" aria-describedby=\"gallery-1-155\" srcset=\"http:\/\/ferienhaus.zeeland-lodge.de\/wp-content\/uploads\/2018\/07\/2018-07-23-11.25.53-150x150.jpg 150w, http:\/\/ferienhaus.zeeland-lodge.de\/wp-content\/uploads\/2018\/07\/2018-07-23-11.25.53-100x100.jpg 100w\" sizes=\"auto, 100vw\" \/><\/a>\n\t\t\t<\/div>\n\t\t\t\t<figcaption class='wp-caption-text gallery-caption' id='gallery-1-155'>\n\t\t\t\tLounge\n\t\t\t\t<\/figcaption><\/figure><figure class='gallery-item'>\n\t\t\t<div class='gallery-icon landscape'>\n\t\t\t\t<a href='http:\/\/ferienhaus.zeeland-lodge.de\/?attachment_id=157'><img loading=\"lazy\" decoding=\"async\" width=\"150\" height=\"150\" src=\"http:\/\/ferienhaus.zeeland-lodge.de\/wp-content\/uploads\/2018\/07\/2018-07-23-11.26.46-2-150x150.jpg\" class=\"attachment-thumbnail size-thumbnail\" alt=\"\" aria-describedby=\"gallery-1-157\" srcset=\"http:\/\/ferienhaus.zeeland-lodge.de\/wp-content\/uploads\/2018\/07\/2018-07-23-11.26.46-2-150x150.jpg 150w, http:\/\/ferienhaus.zeeland-lodge.de\/wp-content\/uploads\/2018\/07\/2018-07-23-11.26.46-2-100x100.jpg 100w\" sizes=\"auto, 100vw\" \/><\/a>\n\t\t\t<\/div>\n\t\t\t\t<figcaption class='wp-caption-text gallery-caption' id='gallery-1-157'>\n\t\t\t\tHaus und Terasse\n\t\t\t\t<\/figcaption><\/figure><figure class='gallery-item'>\n\t\t\t<div class='gallery-icon landscape'>\n\t\t\t\t<a href='http:\/\/ferienhaus.zeeland-lodge.de\/?attachment_id=390'><img loading=\"lazy\" decoding=\"async\" width=\"150\" height=\"150\" src=\"http:\/\/ferienhaus.zeeland-lodge.de\/wp-content\/uploads\/2025\/11\/PXL_20250423_045714885.MP_-150x150.jpg\" class=\"attachment-thumbnail size-thumbnail\" alt=\"\" aria-describedby=\"gallery-1-390\" srcset=\"http:\/\/ferienhaus.zeeland-lodge.de\/wp-content\/uploads\/2025\/11\/PXL_20250423_045714885.MP_-150x150.jpg 150w, http:\/\/ferienhaus.zeeland-lodge.de\/wp-content\/uploads\/2025\/11\/PXL_20250423_045714885.MP_-100x100.jpg 100w\" sizes=\"auto, 100vw\" \/><\/a>\n\t\t\t<\/div>\n\t\t\t\t<figcaption class='wp-caption-text gallery-caption' id='gallery-1-390'>\n\t\t\t\tKamperland\n\t\t\t\t<\/figcaption><\/figure><figure class='gallery-item'>\n\t\t\t<div class='gallery-icon landscape'>\n\t\t\t\t<a href='http:\/\/ferienhaus.zeeland-lodge.de\/?attachment_id=391'><img loading=\"lazy\" decoding=\"async\" width=\"150\" height=\"150\" src=\"http:\/\/ferienhaus.zeeland-lodge.de\/wp-content\/uploads\/2025\/11\/PXL_20250425_114740595-150x150.jpg\" class=\"attachment-thumbnail size-thumbnail\" alt=\"\" aria-describedby=\"gallery-1-391\" srcset=\"http:\/\/ferienhaus.zeeland-lodge.de\/wp-content\/uploads\/2025\/11\/PXL_20250425_114740595-150x150.jpg 150w, http:\/\/ferienhaus.zeeland-lodge.de\/wp-content\/uploads\/2025\/11\/PXL_20250425_114740595-100x100.jpg 100w\" sizes=\"auto, 100vw\" \/><\/a>\n\t\t\t<\/div>\n\t\t\t\t<figcaption class='wp-caption-text gallery-caption' id='gallery-1-391'>\n\t\t\t\tKamperland vom Wasser\n\t\t\t\t<\/figcaption><\/figure><figure class='gallery-item'>\n\t\t\t<div class='gallery-icon portrait'>\n\t\t\t\t<a href='http:\/\/ferienhaus.zeeland-lodge.de\/?attachment_id=393'><img loading=\"lazy\" decoding=\"async\" width=\"150\" height=\"150\" src=\"http:\/\/ferienhaus.zeeland-lodge.de\/wp-content\/uploads\/2025\/11\/PXL_20250912_173542601.PORTRAIT.ORIGINAL-150x150.jpg\" class=\"attachment-thumbnail size-thumbnail\" alt=\"\" aria-describedby=\"gallery-1-393\" srcset=\"http:\/\/ferienhaus.zeeland-lodge.de\/wp-content\/uploads\/2025\/11\/PXL_20250912_173542601.PORTRAIT.ORIGINAL-150x150.jpg 150w, http:\/\/ferienhaus.zeeland-lodge.de\/wp-content\/uploads\/2025\/11\/PXL_20250912_173542601.PORTRAIT.ORIGINAL-100x100.jpg 100w\" sizes=\"auto, 100vw\" \/><\/a>\n\t\t\t<\/div>\n\t\t\t\t<figcaption class='wp-caption-text gallery-caption' id='gallery-1-393'>\n\t\t\t\tStrand\n\t\t\t\t<\/figcaption><\/figure><figure class='gallery-item'>\n\t\t\t<div class='gallery-icon landscape'>\n\t\t\t\t<a href='http:\/\/ferienhaus.zeeland-lodge.de\/?attachment_id=394'><img loading=\"lazy\" decoding=\"async\" width=\"150\" height=\"150\" src=\"http:\/\/ferienhaus.zeeland-lodge.de\/wp-content\/uploads\/2025\/11\/PXL_20250912_173951000-150x150.jpg\" class=\"attachment-thumbnail size-thumbnail\" alt=\"\" aria-describedby=\"gallery-1-394\" srcset=\"http:\/\/ferienhaus.zeeland-lodge.de\/wp-content\/uploads\/2025\/11\/PXL_20250912_173951000-150x150.jpg 150w, http:\/\/ferienhaus.zeeland-lodge.de\/wp-content\/uploads\/2025\/11\/PXL_20250912_173951000-100x100.jpg 100w\" sizes=\"auto, 100vw\" \/><\/a>\n\t\t\t<\/div>\n\t\t\t\t<figcaption class='wp-caption-text gallery-caption' id='gallery-1-394'>\n\t\t\t\tStrand\n\t\t\t\t<\/figcaption><\/figure><figure class='gallery-item'>\n\t\t\t<div class='gallery-icon landscape'>\n\t\t\t\t<a href='http:\/\/ferienhaus.zeeland-lodge.de\/?attachment_id=395'><img loading=\"lazy\" decoding=\"async\" width=\"150\" height=\"150\" src=\"http:\/\/ferienhaus.zeeland-lodge.de\/wp-content\/uploads\/2025\/11\/PXL_20251101_155934055-150x150.jpg\" class=\"attachment-thumbnail size-thumbnail\" alt=\"\" aria-describedby=\"gallery-1-395\" srcset=\"http:\/\/ferienhaus.zeeland-lodge.de\/wp-content\/uploads\/2025\/11\/PXL_20251101_155934055-150x150.jpg 150w, http:\/\/ferienhaus.zeeland-lodge.de\/wp-content\/uploads\/2025\/11\/PXL_20251101_155934055-100x100.jpg 100w\" sizes=\"auto, 100vw\" \/><\/a>\n\t\t\t<\/div>\n\t\t\t\t<figcaption class='wp-caption-text gallery-caption' id='gallery-1-395'>\n\t\t\t\tStrand\n\t\t\t\t<\/figcaption><\/figure>\n\t\t<\/div>\n\n","protected":false},"excerpt":{"rendered":"<p>Das Ferienhaus steht auf einem ca. 600qm gro\u00dfen, komplett eingez\u00e4untem Privatgrundst\u00fcck, ist uneinsehbar und bietet so sehr viel Privatsph\u00e4re. Das Haus ist ca. 75qm gro\u00df und hat dazu noch einen Wintergarten, der zu allen drei Seiten zu \u00f6ffnen ist. Das Haus ist sehr hell, modern eingerichtet und ebenerdig. Zum Ferienhaus geh\u00f6ren: &#8211; Wohnzimmer mit gro\u00dfer &hellip; <\/p>\n<p class=\"link-more\"><a href=\"http:\/\/ferienhaus.zeeland-lodge.de\/?page_id=4\" class=\"more-link\"><span class=\"screen-reader-text\">\u201eDas Ferienhaus \/ Bilder\u201c<\/span> weiterlesen<\/a><\/p>\n","protected":false},"author":1,"featured_media":0,"parent":0,"menu_order":0,"comment_status":"closed","ping_status":"closed","template":"","meta":{"footnotes":""},"class_list":["post-4","page","type-page","status-publish","hentry"],"_links":{"self":[{"href":"http:\/\/ferienhaus.zeeland-lodge.de\/index.php?rest_route=\/wp\/v2\/pages\/4","targetHints":{"allow":["GET"]}}],"collection":[{"href":"http:\/\/ferienhaus.zeeland-lodge.de\/index.php?rest_route=\/wp\/v2\/pages"}],"about":[{"href":"http:\/\/ferienhaus.zeeland-lodge.de\/index.php?rest_route=\/wp\/v2\/types\/page"}],"author":[{"embeddable":true,"href":"http:\/\/ferienhaus.zeeland-lodge.de\/index.php?rest_route=\/wp\/v2\/users\/1"}],"replies":[{"embeddable":true,"href":"http:\/\/ferienhaus.zeeland-lodge.de\/index.php?rest_route=%2Fwp%2Fv2%2Fcomments&post=4"}],"version-history":[{"count":32,"href":"http:\/\/ferienhaus.zeeland-lodge.de\/index.php?rest_route=\/wp\/v2\/pages\/4\/revisions"}],"predecessor-version":[{"id":400,"href":"http:\/\/ferienhaus.zeeland-lodge.de\/index.php?rest_route=\/wp\/v2\/pages\/4\/revisions\/400"}],"wp:attachment":[{"href":"http:\/\/ferienhaus.zeeland-lodge.de\/index.php?rest_route=%2Fwp%2Fv2%2Fmedia&parent=4"}],"curies":[{"name":"wp","href":"https:\/\/api.w.org\/{rel}","templated":true}]}}